{"id":789,"date":"2024-06-11T08:00:17","date_gmt":"2024-06-11T08:00:17","guid":{"rendered":"https:\/\/indigostudios.dwhite.eu\/?page_id=789"},"modified":"2024-06-11T08:55:26","modified_gmt":"2024-06-11T08:55:26","slug":"informativa-sulla-privacy","status":"publish","type":"page","link":"https:\/\/www.indigostudios.gr\/it\/informativa-sulla-privacy\/","title":{"rendered":"Informativa sulla Privacy"},"content":{"rendered":"\n<p><strong>Avviso sulla Privacy<\/strong><\/p>\n\n\n\n<p>Presso <strong>Indigo Studios<\/strong>, ci impegniamo a proteggere e rispettare la vostra privacy. Si prega di leggere questo avviso in quanto contiene importanti informazioni su come utilizziamo i dati personali che raccogliamo da voi o che ci fornite.<\/p>\n\n\n\n<p><strong>Informazioni e Consenso<\/strong><\/p>\n\n\n\n<p>Questo Avviso sulla Privacy descrive come raccogliamo, utilizziamo, elaboriamo e divulghiamo le vostre informazioni, comprese le informazioni personali su di voi (di seguito, l&#8217;\u201cUtente\u201d), in relazione al vostro accesso e utilizzo del nostro modulo di contatto.<\/p>\n\n\n\n<p>Leggendo questo Avviso sulla Privacy, l&#8217;utente viene informato su come raccogliamo, elaboriamo e proteggiamo i dati personali forniti tramite il modulo di contatto.<\/p>\n\n\n\n<p>L&#8217;Utente deve leggere attentamente questo Avviso sulla Privacy, che \u00e8 stato scritto in modo chiaro e semplice, per facilitarne la comprensione e determinare liberamente e volontariamente se desidera fornire i propri dati personali o quelli di terzi a <strong>Indigo Studios<\/strong>.<\/p>\n\n\n\n<p>Quando questo avviso menziona &#8220;modulo di contatto&#8221;, &#8220;motore di prenotazione&#8221;, &#8220;sistema&#8221;, &#8220;sito web&#8221;, &#8220;piattaforma&#8221;, &#8220;app&#8221;, &#8220;webapp&#8221;, &#8220;servizi&#8221;, &#8220;servizi online&#8221;, si riferisce a tutte le pagine e le funzioni sotto <a href=\"https:\/\/www.indigostudios.gr\/\">https:\/\/www.indigostudios.gr\/<\/a> se non diversamente specificato.<\/p>\n\n\n\n<p>Accedendo alla piattaforma o fornendo informazioni, accettate le nostre pratiche sulla privacy come stabilito in questa dichiarazione sulla privacy. Potremmo modificare questo avviso di tanto in tanto. Dovreste controllare frequentemente questo avviso per assicurarvi di essere a conoscenza della versione pi\u00f9 recente.<\/p>\n\n\n\n<p><strong>Natura obbligatoria della fornitura dei dati<\/strong><\/p>\n\n\n\n<p>I dati richiesti nei moduli accessibili dai moduli di contatto sono, in generale, obbligatori (salvo diversamente specificato nel campo richiesto) per soddisfare le finalit\u00e0 indicate. Di conseguenza, se non vengono forniti o non vengono forniti correttamente, non saremo in grado di elaborare la richiesta.<\/p>\n\n\n\n<p><strong>Dati personali che raccogliamo e elaboriamo<\/strong><\/p>\n\n\n\n<p><strong>Questo includer\u00e0:<\/strong><\/p>\n\n\n\n<ul>\n<li>informazioni personali su di voi che vi chiediamo (ad esempio il vostro nome, indirizzo e indirizzo email) quando effettuate una prenotazione o richiedete informazioni dal nostro modulo di contatto<\/li>\n\n\n\n<li>dettagli finanziari per elaborare la vostra prenotazione quando richiediamo un pagamento anticipato<\/li>\n\n\n\n<li>dettagli delle transazioni che effettuate tramite il nostro modulo di contatto e dettagli dell&#8217;adempimento dei vostri ordini<\/li>\n\n\n\n<li>l&#8217;uso delle vostre informazioni per scopi di marketing e pubblicit\u00e0 (dove accettate esplicitamente questo) e<\/li>\n\n\n\n<li>la precompilazione dei moduli e di altri dettagli sul nostro sito web per rendere pi\u00f9 semplice la vostra prossima visita al nostro motore di prenotazione (ad esempio, quando modificate o annullate una prenotazione).<\/li>\n<\/ul>\n\n\n\n<p><strong>Login Sociale:<\/strong><\/p>\n\n\n\n<p>In caso di registrazione e\/o accesso tramite un account di terze parti, potremmo raccogliere e accedere a determinate informazioni del profilo dell&#8217;Utente dal corrispondente social network, esclusivamente per scopi amministrativi interni e\/o per le finalit\u00e0 sopra indicate.<\/p>\n\n\n\n<p><strong>Dati di terze parti (ad esempio, prenotare per un amico)<\/strong><\/p>\n\n\n\n<p>Nel caso in cui l&#8217;Utente fornisca dati di terzi, dichiara di avere il consenso della terza parte e si impegna a fornire alla parte interessata &#8211; il titolare dei dati &#8211; le informazioni contenute in questo Avviso sulla Privacy, esonerandoci e il nostro responsabile del trattamento dei dati da qualsiasi responsabilit\u00e0 a riguardo. Tuttavia, potremmo effettuare le necessarie verifiche per verificare questo fatto, adottando le corrispondenti misure di diligenza, in conformit\u00e0 con le normative sulla protezione dei dati.<\/p>\n\n\n\n<p><strong>Dati Sensibili<\/strong><\/p>\n\n\n\n<p>A meno che non sia specificamente richiesto, vi chiediamo di non inviarci e di non divulgare, tramite i Servizi o in altro modo, alcun Dato Personale Sensibile (ad esempio, numeri di previdenza sociale, numero di identificazione nazionale, dati relativi all&#8217;origine razziale o etnica, opinioni politiche, religione, convinzioni ideologiche o altre credenze, salute, caratteristiche biometriche o genetiche, precedenti penali, appartenenza sindacale o procedimenti e sanzioni amministrative o penali).<\/p>\n\n\n\n<p><strong>Uso dei Servizi da parte di Minori<\/strong><\/p>\n\n\n\n<p>I Servizi non sono rivolti a individui di et\u00e0 inferiore ai sedici (16) anni e chiediamo che non forniscano Dati Personali tramite i Servizi.<\/p>\n\n\n\n<p><strong>Finalit\u00e0 del trattamento dei dati personali<\/strong><\/p>\n\n\n\n<p>A seconda delle richieste dell&#8217;Utente, i dati personali raccolti saranno trattati in conformit\u00e0 con le seguenti finalit\u00e0:<\/p>\n\n\n\n<ul>\n<li>Per gestire le prenotazioni effettuate, compresa la gestione dei pagamenti (dove applicabile) e la gestione delle richieste e delle preferenze dell&#8217;utente.<\/li>\n\n\n\n<li>Per gestire la registrazione ai programmi di fidelizzazione o di adesione, nonch\u00e9 l&#8217;ottenimento e il riscatto dei punti.<\/li>\n\n\n\n<li>Per gestire le richieste di contatto dell&#8217;Utente con noi attraverso i canali forniti a tal fine.<\/li>\n\n\n\n<li>Per gestire l&#8217;invio di comunicazioni commerciali personalizzate da parte nostra, tramite mezzi elettronici e\/o convenzionali, nei casi in cui l&#8217;Utente esprima esplicitamente il consenso.<\/li>\n\n\n\n<li>Per gestire la fornitura del servizio di alloggio contratto, nonch\u00e9 i servizi aggiuntivi.<\/li>\n\n\n\n<li>Per gestire sondaggi e\/o valutazioni riguardanti la qualit\u00e0 dei servizi forniti da noi e\/o la percezione della nostra immagine come azienda.<\/li>\n<\/ul>\n\n\n\n<p><strong>Conservazione dei Dati<\/strong><\/p>\n\n\n\n<p>Conserveremo i vostri Dati Personali per il periodo necessario a soddisfare le finalit\u00e0 descritte in questo Avviso sulla Privacy a meno che un periodo di conservazione pi\u00f9 lungo non sia richiesto o consentito dalla legge o se l&#8217;Utente richiede la loro cancellazione, si oppone o revoca il consenso.<\/p>\n\n\n\n<p>I criteri utilizzati per determinare i nostri periodi di conservazione includono:<\/p>\n\n\n\n<ul>\n<li>La durata del tempo in cui abbiamo un rapporto continuo con voi e forniamo i Servizi a voi (ad esempio, per tutto il tempo in cui avete un account con noi o continuate a utilizzare i Servizi o se avete una prenotazione che non \u00e8 ancora stata soddisfatta)<\/li>\n\n\n\n<li>Se esiste un obbligo legale a cui siamo soggetti (ad esempio, alcune leggi richiedono di mantenere i registri delle vostre transazioni per un certo periodo di tempo prima che possiamo cancellarli)<\/li>\n\n\n\n<li>Se la conservazione \u00e8 consigliabile considerando la nostra posizione legale (ad esempio, per prescrizione legale, contenziosi o indagini normative)<\/li>\n<\/ul>\n\n\n\n<p><strong>Interesse legittimo per il trattamento dei vostri dati<\/strong><\/p>\n\n\n\n<p>Il trattamento dei dati richiesto per il soddisfacimento delle finalit\u00e0 sopra menzionate che richiedono il consenso dell&#8217;Utente non pu\u00f2 essere eseguito senza tale consenso.<\/p>\n\n\n\n<p>Allo stesso modo, nel caso in cui l&#8217;Utente revochi il proprio consenso a qualsiasi dei trattamenti, ci\u00f2 non influir\u00e0 sulla legalit\u00e0 del trattamento effettuato precedentemente.<\/p>\n\n\n\n<p>Per revocare tale consenso, l&#8217;Utente pu\u00f2 contattarci attraverso i canali appropriati.<\/p>\n\n\n\n<p>Allo stesso modo, nei casi in cui sia necessario trattare i dati dell&#8217;Utente per l&#8217;adempimento di un obbligo legale o per l&#8217;esecuzione del rapporto contrattuale esistente tra noi e l&#8217;Utente, il trattamento sar\u00e0 legittimato in quanto necessario per il rispetto di tali finalit\u00e0.<\/p>\n\n\n\n<p><strong>Divulgazione dei Dati<\/strong><\/p>\n\n\n\n<p>Utilizzeremo e divulgheremo i Dati Personali come riteniamo necessario o appropriato:<\/p>\n\n\n\n<ul>\n<li>per rispettare la legge applicabile, comprese le leggi al di fuori del vostro paese di residenza<\/li>\n\n\n\n<li>per rispettare le procedure legali<\/li>\n\n\n\n<li>per rispondere alle richieste di autorit\u00e0 pubbliche e governative, comprese le autorit\u00e0 al di fuori del vostro paese di residenza e per soddisfare i requisiti di sicurezza nazionale o di applicazione della legge<\/li>\n\n\n\n<li>per far rispettare i nostri termini e condizioni<\/li>\n\n\n\n<li>per proteggere le nostre operazioni<\/li>\n\n\n\n<li>per proteggere i diritti, la privacy, la sicurezza o la propriet\u00e0 nostra, vostra o di altri e<\/li>\n\n\n\n<li>per consentirci di perseguire rimedi disponibili o limitare i danni che potremmo subire.<\/li>\n<\/ul>\n\n\n\n<p>Possiamo utilizzare e divulgare altri dati per qualsiasi scopo, salvo quando non ci \u00e8 consentito dalla legge applicabile. In alcuni casi, potremmo combinare altri dati con Dati Personali (come combinare il vostro nome con la vostra posizione). In tal caso, tratteremo i dati combinati come Dati Personali finch\u00e9 sono combinati.<\/p>\n\n\n\n<p><strong>Responsabilit\u00e0 dell&#8217;Utente<\/strong><\/p>\n\n\n\n<p>L&#8217;Utente:<\/p>\n\n\n\n<p>Garantisce di essere maggiorenne o legalmente emancipato, ove applicabile, pienamente capace e che le informazioni forniteci sono veritiere, accurate, complete e aggiornate. A tal fine, l&#8217;Utente \u00e8 responsabile della veridicit\u00e0 di tutti i dati comunicati e manterr\u00e0 aggiornate le informazioni, in modo che tali dati riflettano la sua situazione reale.<\/p>\n\n\n\n<p>Garantisce di aver informato le terze parti per conto delle quali ha fornito dati, ove applicabile, degli aspetti contenuti in questo documento. Garantisce inoltre di aver ottenuto l&#8217;autorizzazione della terza parte a fornire i loro dati a noi per gli scopi indicati.<\/p>\n\n\n\n<p>Sar\u00e0 responsabile per informazioni false o inesatte fornite attraverso il Sito Web e per i danni, diretti o indiretti, che ci\u00f2 potrebbe causare a noi o a terzi.<\/p>\n\n\n\n<p><strong>Esercizio dei Diritti<\/strong><\/p>\n\n\n\n<p>L&#8217;Utente pu\u00f2 contattarci in qualsiasi momento gratuitamente per:<\/p>\n\n\n\n<ul>\n<li>Ottenere conferma sul fatto che siano in corso trattamenti di dati personali che lo riguardano da parte nostra.<\/li>\n\n\n\n<li>Accedere ai propri dati personali.<\/li>\n\n\n\n<li>Rettificare eventuali dati inesatti o incompleti.<\/li>\n\n\n\n<li>Richiedere la cancellazione dei propri dati personali quando, tra l&#8217;altro, i dati non sono pi\u00f9 necessari per gli scopi per cui sono stati raccolti.<\/li>\n\n\n\n<li>Confermare la revoca del consenso.<\/li>\n\n\n\n<li>Ottenere da noi la limitazione del trattamento dei dati quando vengono soddisfatte le condizioni previste dalle normative sulla protezione dei dati.<\/li>\n\n\n\n<li>Richiedere la portabilit\u00e0 dei propri dati.<\/li>\n<\/ul>\n\n\n\n<p>L&#8217;utente viene inoltre informato che in qualsiasi momento pu\u00f2 presentare un reclamo in merito alla protezione dei propri dati personali dinanzi all&#8217;Autorit\u00e0 competente per la Protezione dei Dati.<\/p>\n\n\n\n<p><strong>Misure di Sicurezza<\/strong><\/p>\n\n\n\n<p>Tratteremo i dati dell&#8217;Utente in ogni momento in modo assolutamente confidenziale e mantenendo l&#8217;obbligo di segretezza riguardo a tali dati, in conformit\u00e0 con le disposizioni delle normative applicabili, adottando le misure tecniche e organizzative richieste per garantire la sicurezza dei loro dati e per impedire che vengano alterati, persi, trattati o accessibili illegalmente, a seconda dello stato della tecnologia.<\/p>\n","protected":false},"excerpt":{"rendered":"<p>Avviso sulla Privacy Presso Indigo Studios, ci impegniamo a proteggere e rispettare la vostra privacy. Si prega di leggere questo avviso in quanto contiene importanti informazioni su come utilizziamo i dati personali che raccogliamo da voi o che ci fornite. Informazioni e Consenso Questo Avviso sulla Privacy descrive come raccogliamo, utilizziamo, elaboriamo e divulghiamo le [&hellip;]<\/p>\n","protected":false},"author":1,"featured_media":0,"parent":0,"menu_order":0,"comment_status":"closed","ping_status":"closed","template":"page-privacy-policy.php","meta":{"_acf_changed":false,"footnotes":""},"acf":[],"aioseo_notices":[],"_links":{"self":[{"href":"https:\/\/www.indigostudios.gr\/it\/wp-json\/wp\/v2\/pages\/789"}],"collection":[{"href":"https:\/\/www.indigostudios.gr\/it\/wp-json\/wp\/v2\/pages"}],"about":[{"href":"https:\/\/www.indigostudios.gr\/it\/wp-json\/wp\/v2\/types\/page"}],"author":[{"embeddable":true,"href":"https:\/\/www.indigostudios.gr\/it\/wp-json\/wp\/v2\/users\/1"}],"replies":[{"embeddable":true,"href":"https:\/\/www.indigostudios.gr\/it\/wp-json\/wp\/v2\/comments?post=789"}],"version-history":[{"count":1,"href":"https:\/\/www.indigostudios.gr\/it\/wp-json\/wp\/v2\/pages\/789\/revisions"}],"predecessor-version":[{"id":790,"href":"https:\/\/www.indigostudios.gr\/it\/wp-json\/wp\/v2\/pages\/789\/revisions\/790"}],"wp:attachment":[{"href":"https:\/\/www.indigostudios.gr\/it\/wp-json\/wp\/v2\/media?parent=789"}],"curies":[{"name":"wp","href":"https:\/\/api.w.org\/{rel}","templated":true}]}}