{"id":373,"date":"2024-05-30T09:24:08","date_gmt":"2024-05-30T09:24:08","guid":{"rendered":"https:\/\/indigostudios.dwhite.eu\/?page_id=373"},"modified":"2024-06-20T08:23:53","modified_gmt":"2024-06-20T08:23:53","slug":"about-us-it","status":"publish","type":"page","link":"https:\/\/www.indigostudios.gr\/it\/about-us-it\/","title":{"rendered":"Chi Siamo"},"content":{"rendered":"\n<p>Il nostro legame con ogni viaggiatore di Serifos ha assunto un&#8217;altra dimensione.<\/p>\n\n\n\n<p>Quella di un amico, un nostro uomo che torner\u00e0 a trovarci, noi a lui e lui a vivere insieme una delle estati pi\u00f9 belle dell&#8217;Egeo. L&#8217;hotel di Serifos Indigo Studios \u00e8 stato costruito con grande cura, attenzione ai dettagli e rispetto delle vostre esigenze.<\/p>\n\n\n\n<p>A soli 40 metri dalla spiaggia, in pieno centro, ma comunque in un ambiente tranquillo e sicuro. Avendo accesso a due bellissime spiagge a piedi, vi aspettiamo per godere della magia dell&#8217;estate, offrendovi alloggi confortevoli e di alta qualit\u00e0.<\/p>\n\n\n\n<p>All&#8217;Indigo Studios Hotel di Serifos, ogni appartamento\/camera ha una decorazione unica, per soddisfare i gusti e le esigenze dei nostri ospiti.<\/p>\n","protected":false},"excerpt":{"rendered":"<p>Il nostro legame con ogni viaggiatore di Serifos ha assunto un&#8217;altra dimensione. Quella di un amico, un nostro uomo che torner\u00e0 a trovarci, noi a lui e lui a vivere insieme una delle estati pi\u00f9 belle dell&#8217;Egeo. L&#8217;hotel di Serifos Indigo Studios \u00e8 stato costruito con grande cura, attenzione ai dettagli e rispetto delle vostre [&hellip;]<\/p>\n","protected":false},"author":1,"featured_media":0,"parent":0,"menu_order":0,"comment_status":"closed","ping_status":"closed","template":"page-about-us.php","meta":{"_acf_changed":false,"footnotes":""},"acf":[],"aioseo_notices":[],"_links":{"self":[{"href":"https:\/\/www.indigostudios.gr\/it\/wp-json\/wp\/v2\/pages\/373"}],"collection":[{"href":"https:\/\/www.indigostudios.gr\/it\/wp-json\/wp\/v2\/pages"}],"about":[{"href":"https:\/\/www.indigostudios.gr\/it\/wp-json\/wp\/v2\/types\/page"}],"author":[{"embeddable":true,"href":"https:\/\/www.indigostudios.gr\/it\/wp-json\/wp\/v2\/users\/1"}],"replies":[{"embeddable":true,"href":"https:\/\/www.indigostudios.gr\/it\/wp-json\/wp\/v2\/comments?post=373"}],"version-history":[{"count":6,"href":"https:\/\/www.indigostudios.gr\/it\/wp-json\/wp\/v2\/pages\/373\/revisions"}],"predecessor-version":[{"id":1228,"href":"https:\/\/www.indigostudios.gr\/it\/wp-json\/wp\/v2\/pages\/373\/revisions\/1228"}],"wp:attachment":[{"href":"https:\/\/www.indigostudios.gr\/it\/wp-json\/wp\/v2\/media?parent=373"}],"curies":[{"name":"wp","href":"https:\/\/api.w.org\/{rel}","templated":true}]}}